{"id":2207,"date":"2024-05-13T13:06:11","date_gmt":"2024-05-13T11:06:11","guid":{"rendered":"https:\/\/bromex.com.pl\/kontakt\/"},"modified":"2025-10-30T16:04:45","modified_gmt":"2025-10-30T15:04:45","slug":"contact","status":"publish","type":"page","link":"https:\/\/bromex.com.pl\/en\/contact\/","title":{"rendered":"Contact"},"content":{"rendered":"<!--themify_builder_content-->\n<div id=\"themify_builder_content-2207\" data-postid=\"2207\" class=\"themify_builder_content themify_builder_content-2207 themify_builder tf_clear\">\n                    <div  data-css_id=\"j7a8519\" data-lazy=\"1\" class=\"module_row themify_builder_row fullwidth tb_j7a8519 tb_first tf_w wow\" data-tf-animation=\"fadeIn\" data-tf-animation_delay=\"0.1\">\n            <span class=\"builder_row_cover tf_abs\"><\/span>            <div class=\"row_inner col_align_middle gutter-none tb_col_count_3 tf_box tf_rel\">\n                        <div  data-lazy=\"1\" class=\"module_column tb-column col3-1 tb_3sp6519 first\">\n                    <!-- module divider -->\n<div  class=\"module tf_mw module-divider tb_eklv519 solid    hide-tablet hide-mobile wow\" data-tf-animation=\"fadeInLeft\" data-tf-animation_delay=\"1\" style=\"border-width: 7px;border-color: #82bd4a;\" data-lazy=\"1\">\n    <\/div>\n<!-- \/module divider -->\n        <\/div>\n                    <div  data-lazy=\"1\" class=\"module_column tb-column col3-1 tb_7hni519\">\n                    <!-- module text -->\n<div  class=\"module module-text tb_j754519    wow\" data-tf-animation=\"fadeIn\" data-tf-animation_delay=\"1\" data-lazy=\"1\">\n        <div  class=\"tb_text_wrap\">\n        <p>Contact<\/p>    <\/div>\n<\/div>\n<!-- \/module text -->        <\/div>\n                    <div  data-lazy=\"1\" class=\"module_column tb-column col3-1 tb_jwrd519 last\">\n                    <!-- module divider -->\n<div  class=\"module tf_mw module-divider tb_lvhg519 solid    hide-tablet hide-mobile wow\" data-tf-animation=\"fadeInRight\" data-tf-animation_delay=\"1\" style=\"border-width: 7px;border-color: #82bd4a;\" data-lazy=\"1\">\n    <\/div>\n<!-- \/module divider -->\n        <\/div>\n                        <\/div>\n        <\/div>\n                        <div  data-lazy=\"1\" class=\"module_row themify_builder_row tb_1j14926 tf_w wow\" data-tf-animation=\"fadeIn\">\n                        <div class=\"row_inner col_align_top tb_col_count_2 tf_box tf_rel\">\n                        <div  data-lazy=\"1\" class=\"module_column tb-column col4-2 tb_hmya926 first\">\n                    <!-- module text -->\n<div  class=\"module module-text tb_f1o3926   \" data-lazy=\"1\">\n        <div  class=\"tb_text_wrap\">\n        <p>Addresses and telephone numbers<\/p>    <\/div>\n<\/div>\n<!-- \/module text --><!-- module icon -->\n<div  class=\"module module-icon tb_xcuv926  xlarge none icon_horizontal \" data-lazy=\"1\">\n            <div class=\"module-icon-item\">\n                                                                <em class=\"tf_box\" style=\"color:#82bd4a\"><svg  class=\"tf_fa tf-fas-map-marker-alt\" aria-hidden=\"true\"><use href=\"#tf-fas-map-marker-alt\"><\/use><\/svg><\/em>\n                                                                            <span><strong>BROMEX<\/strong><\/br>SP\u00d3\u0141KA Z OGRANICZON\u0104 ODPOWIEDZIALNO\u015aCI\u0104<\/br>Wola Wi\u0105zowa 83,Rusiec 97-438, Polska, Europa<\/br><\/br>NIP: PL 7692225120<\/br>Regon: 364076857 <\/br> KRS: 0000894160<\/br><\/span>\n                                                            <\/div>\n    <\/div>\n<!-- \/module icon -->\n<!-- module icon -->\n<div  class=\"module module-icon tb_2irp926  xlarge none icon_horizontal \" data-lazy=\"1\">\n            <div class=\"module-icon-item\">\n                                                                <em class=\"tf_box\" style=\"color:#82bd4a\"><svg  class=\"tf_fa tf-far-envelope\" aria-hidden=\"true\"><use href=\"#tf-far-envelope\"><\/use><\/svg><\/em>\n                                                                            <span>Office: <a href=\"mailto:biuro@bromex.com.pl\">biuro@bromex.com.pl<\/a><\/br>  Complaints: <a href=\"mailto:claims@bromex.com.pl\">claims@bromex.com.pl<\/a><\/br><\/span>\n                                                            <\/div>\n    <\/div>\n<!-- \/module icon -->\n        <\/div>\n                    <div  data-lazy=\"1\" class=\"module_column tb-column col4-2 tb_rczg926 last\">\n                    <!-- module text -->\n<div  class=\"module module-text tb_znf3926   \" data-lazy=\"1\">\n        <div  class=\"tb_text_wrap\">\n        <p>Addresses and telephone numbers<\/p>    <\/div>\n<\/div>\n<!-- \/module text --><!-- module text -->\n<div  class=\"module module-text tb_2zrj926   \" data-lazy=\"1\">\n        <div  class=\"tb_text_wrap\">\n        <p>Leave us a message and we will contact you as soon as possible.<\/p>    <\/div>\n<\/div>\n<!-- \/module text --><!-- module contact -->\n<div  id=\"tb_xbie926\" class=\"module module-contact tb_xbie926 contact-animated-label \" data-lazy=\"1\">\n    \n\t<form class=\"builder-contact\"\n\t\tid=\"tb_xbie926-form\"\n\t\tmethod=\"post\"\n\t\tdata-post-id=\"2207\"\n\t\tdata-element-id=\"xbie926\"\n\t\tdata-orig-id=\"2207\"\n\t>\n    <div class=\"contact-message\"><\/div>\n\t<div class=\"builder-contact-fields tf_rel\">\n\t\t    \t\t    <div class=\"builder-contact-field builder-contact-field-recipients builder-contact-text-field\">\n\t\t\t    <label class=\"control-label\" for=\"tb_xbie926-contact-recipients\">\n\t\t\t\t\t\t\t\t\t\t<span class=\"tb-label-span\">\t\t\t\t<\/label>\n\t\t\t    <div class=\"control-input tf_rel\">\n\t\t\t\t    \n\t\t\t\t\t\t<select name=\"contact-recipients\" id=\"tb_xbie926-contact-recipients\">\t\t\t\t\t\t\t\t\t\t\t\t\t\t\t\t\t\t\t\t\t<option value=\"0\" required>Sales Department<\/option>\n\t\t\t\t\t\t\t\t\t\t\t\t\t\t\t\t\t\t\t\t\t\t\t\t\t\t\t\t<option value=\"1\" required>Marketing Department<\/option>\n\t\t\t\t\t\t\t\t\t\t\t\t\t\t\t\t\t\t\t\t\t\t\t\t\t\t\t\t<option value=\"2\" required>Purchasing Department<\/option>\n\t\t\t\t\t\t\t\t\t\t\t\t\t\t\t\t\t\t\t\t\t\t\t\t\t\t\t\t<option value=\"3\" required>Recruitment Department<\/option>\n\t\t\t\t\t\t\t\t\t\t\t\t\t\t\t\t\t\t\t\t\t\t\t\t\t\t\t\t<option value=\"4\" required>Submissions<\/option>\n\t\t\t\t\t\t\t\t\t\t\t\t\t\t\t\t\t\t\t<\/select>\n\t\t\t\t    \t\t\t\t    \t\t\t\t\t    <span class=\"tb_contact_label\">\n\t\t\t\t\t\t    <span class=\"tb-label-span\">\t\t\t\t\t    <\/span>\n\t\t\t\t    \t\t\t    <\/div>\n\t\t<\/div>\n\t    \n\t\t    \t\t    <div class=\"builder-contact-field builder-contact-field-name builder-contact-text-field\">\n\t\t\t    <label class=\"control-label\" for=\"tb_xbie926-contact-name\">\n\t\t\t\t\t\t\t\t\t\t<span class=\"tb-label-span\">Name <\/span><span class=\"required\">*<\/span>\t\t\t\t<\/label>\n\t\t\t    <div class=\"control-input tf_rel\">\n\t\t\t\t    \t\t\t\t\t    <input type=\"text\" name=\"contact-name\" placeholder=\" \" id=\"tb_xbie926-contact-name\" value=\"\" class=\"form-control\" required>\n\t\t\t\t    \t\t\t\t    \t\t\t\t\t    <span class=\"tb_contact_label\">\n\t\t\t\t\t\t    <span class=\"tb-label-span\">Name <\/span><span class=\"required\">*<\/span>\t\t\t\t\t    <\/span>\n\t\t\t\t    \t\t\t    <\/div>\n\t\t<\/div>\n\t    \n\t\t    \t\t    <div class=\"builder-contact-field builder-contact-field-email builder-contact-text-field\">\n\t\t\t    <label class=\"control-label\" for=\"tb_xbie926-contact-email\">\n\t\t\t\t\t\t\t\t\t\t<span class=\"tb-label-span\">E-mail <\/span><span class=\"required\">*<\/span>\t\t\t\t<\/label>\n\t\t\t    <div class=\"control-input tf_rel\">\n\t\t\t\t    \t\t\t\t\t    <input type=\"email\" name=\"contact-email\" placeholder=\" \" id=\"tb_xbie926-contact-email\" value=\"\" class=\"form-control\" required>\n\t\t\t\t    \t\t\t\t    \t\t\t\t\t    <span class=\"tb_contact_label\">\n\t\t\t\t\t\t    <span class=\"tb-label-span\">E-mail <\/span><span class=\"required\">*<\/span>\t\t\t\t\t    <\/span>\n\t\t\t\t    \t\t\t    <\/div>\n\t\t<\/div>\n\t    \n\t\t    \t\t    <div class=\"builder-contact-field builder-contact-field-message builder-contact-textarea-field\">\n\t\t\t    <label class=\"control-label\" for=\"tb_xbie926-contact-message\">\n\t\t\t\t\t\t\t\t\t\t<span class=\"tb-label-span\">Contents <\/span>\t\t\t\t<\/label>\n\t\t\t    <div class=\"control-input tf_rel\">\n\t\t\t\t    \t\t\t\t\t    <textarea name=\"contact-message\" placeholder=\" \" id=\"tb_xbie926-contact-message\" class=\"form-control\"><\/textarea>\n\t\t\t\t    \t\t\t\t    \t\t\t\t\t    <span class=\"tb_contact_label\">\n\t\t\t\t\t\t    <span class=\"tb-label-span\">Contents <\/span>\t\t\t\t\t    <\/span>\n\t\t\t\t    \t\t\t    <\/div>\n\t\t<\/div>\n\t    \n\t\t    \t\t\n\t\t\n\t    \n\t    <div class=\"builder-contact-field builder-contact-field-send control-input tf_textr tf_clear tf_rel\">\n\t\t\t<button type=\"submit\" class=\"btn btn-primary\">\n\t\t\t\t<span class=\"tf_loader\"><\/span>\t\t\t\t<span class=\"tf_submit_icon\"><\/span> \n\t\t\t\tSend\t\t\t<\/button>\n\t    <\/div>\n\t<\/div>\n    <\/form>\n    <\/div>\n<!-- \/module contact -->\n        <\/div>\n                        <\/div>\n        <\/div>\n        <\/div>\n<!--\/themify_builder_content-->","protected":false},"excerpt":{"rendered":"<p>Contact<\/p>\n","protected":false},"author":2,"featured_media":0,"parent":0,"menu_order":0,"comment_status":"closed","ping_status":"closed","template":"","meta":{"footnotes":""},"class_list":["post-2207","page","type-page","status-publish","hentry","has-post-title","has-post-date","has-post-category","has-post-tag","has-post-comment","has-post-author",""],"builder_content":"\n<p>Contact<\/p>\n\n<p>Addresses and telephone numbers<\/p>\n<em style=\"color:#82bd4a\"><svg aria-hidden=\"true\"><use href=\"#tf-fas-map-marker-alt\"><\/use><\/svg><\/em> <strong>BROMEX<\/strong><\/br>SP\u00d3\u0141KA Z OGRANICZON\u0104 ODPOWIEDZIALNO\u015aCI\u0104<\/br>Wola Wi\u0105zowa 83,Rusiec 97-438, Polska, Europa<\/br><\/br>NIP: PL 7692225120<\/br>Regon: 364076857 <\/br> KRS: 0000894160<\/br>\n<em style=\"color:#82bd4a\"><svg aria-hidden=\"true\"><use href=\"#tf-far-envelope\"><\/use><\/svg><\/em> Office: <a href=\"mailto:biuro@bromex.com.pl\">biuro@bromex.com.pl<\/a><\/br> Complaints: <a href=\"mailto:claims@bromex.com.pl\">claims@bromex.com.pl<\/a><\/br>\n<p>Addresses and telephone numbers<\/p>\n<p>Leave us a message and we will contact you as soon as possible.<\/p>\n<form id=\"tb_xbie926-form\" method=\"post\" data-post-id=\"0\" data-element-id=\"xbie926\" data-orig-id=\"2207\" > <label for=\"tb_xbie926-contact-recipients\"> <\/label> <select name=\"contact-recipients\" id=\"tb_xbie926-contact-recipients\"> <option value=\"0\" required>Sales Department<\/option> <option value=\"1\" required>Marketing Department<\/option> <option value=\"2\" required>Purchasing Department<\/option> <option value=\"3\" required>Recruitment Department<\/option> <option value=\"4\" required>Submissions<\/option> <\/select> <label for=\"tb_xbie926-contact-name\"> Name * <\/label> <input type=\"text\" name=\"contact-name\" placeholder=\" \" id=\"tb_xbie926-contact-name\" value=\"\" required> Name * <label for=\"tb_xbie926-contact-email\"> E-mail * <\/label> <input type=\"email\" name=\"contact-email\" placeholder=\" \" id=\"tb_xbie926-contact-email\" value=\"\" required> E-mail * <label for=\"tb_xbie926-contact-message\"> Contents <\/label> <textarea name=\"contact-message\" placeholder=\" \" id=\"tb_xbie926-contact-message\"><\/textarea> Contents <button type=\"submit\"> Send <\/button> <\/form>","_links":{"self":[{"href":"https:\/\/bromex.com.pl\/en\/wp-json\/wp\/v2\/pages\/2207","targetHints":{"allow":["GET"]}}],"collection":[{"href":"https:\/\/bromex.com.pl\/en\/wp-json\/wp\/v2\/pages"}],"about":[{"href":"https:\/\/bromex.com.pl\/en\/wp-json\/wp\/v2\/types\/page"}],"author":[{"embeddable":true,"href":"https:\/\/bromex.com.pl\/en\/wp-json\/wp\/v2\/users\/2"}],"replies":[{"embeddable":true,"href":"https:\/\/bromex.com.pl\/en\/wp-json\/wp\/v2\/comments?post=2207"}],"version-history":[{"count":13,"href":"https:\/\/bromex.com.pl\/en\/wp-json\/wp\/v2\/pages\/2207\/revisions"}],"predecessor-version":[{"id":3107,"href":"https:\/\/bromex.com.pl\/en\/wp-json\/wp\/v2\/pages\/2207\/revisions\/3107"}],"wp:attachment":[{"href":"https:\/\/bromex.com.pl\/en\/wp-json\/wp\/v2\/media?parent=2207"}],"curies":[{"name":"wp","href":"https:\/\/api.w.org\/{rel}","templated":true}]}}